{"id":136,"date":"2026-04-12T13:36:40","date_gmt":"2026-04-12T13:36:40","guid":{"rendered":"https:\/\/leissl.de\/?page_id=136"},"modified":"2026-04-12T13:42:39","modified_gmt":"2026-04-12T13:42:39","slug":"dowloands","status":"publish","type":"page","link":"https:\/\/arbeitsschutzaktuell.de\/index.php\/dowloands\/","title":{"rendered":"Downloads"},"content":{"rendered":"\t\t<div data-elementor-type=\"wp-page\" data-elementor-id=\"136\" class=\"elementor elementor-136\" data-elementor-post-type=\"page\">\n\t\t\t\t<div class=\"elementor-element elementor-element-e5d29fa e-flex e-con-boxed e-con e-parent\" data-id=\"e5d29fa\" data-element_type=\"container\" data-e-type=\"container\">\n\t\t\t\t\t<div class=\"e-con-inner\">\n\t\t\t\t<div class=\"elementor-element elementor-element-bfe7fad elementor-widget elementor-widget-text-editor\" data-id=\"bfe7fad\" data-element_type=\"widget\" data-e-type=\"widget\" data-widget_type=\"text-editor.default\">\n\t\t\t\t\t\t\t\t\t<p><strong>Hier finden Sie alle Ausgaben der Aushangpflichtigen Gesetze als\u00a0PDF-Datei zum Download.<\/strong><\/p><p><a href=\"https:\/\/arbeitsschutzaktuell.de\/wp-content\/pdf\/Allgemeines Gleichbehandlungsgesetz AGG.pdf\" target=\"_blank\" rel=\"noopener\" data-wplink-url-error=\"true\">Allgemeines Gleichbehandlungsgesetz AGG<\/a><\/p><p><a href=\"https:\/\/arbeitsschutzaktuell.de\/wp-content\/pdf\/Arbeitsgerichtsgesetz ArbGG.pdf\" target=\"_blank\" rel=\"noopener\" data-wplink-url-error=\"true\">Arbeitsgerichtsgesetz ArbGG<\/a><\/p><p><a href=\"https:\/\/arbeitsschutzaktuell.de\/wp-content\/pdf\/Arbeitsst\u00e4ttenverordnung ArbSt\u00e4ttV.pdf\" target=\"_blank\" rel=\"noopener\" data-wplink-url-error=\"true\">Arbeitsst\u00e4ttenverordnung ArbSt\u00e4ttV<\/a><\/p><p><a href=\"https:\/\/arbeitsschutzaktuell.de\/wp-content\/pdf\/Arbeitszeitgesetz ArbZG.pdf\" target=\"_blank\" rel=\"noopener\" data-wplink-url-error=\"true\">Arbeitszeitgesetz ArbZG<\/a><\/p><p><a href=\"https:\/\/arbeitsschutzaktuell.de\/wp-content\/pdf\/ArbSchG.pdf\" target=\"_blank\" rel=\"noopener\">ArbSchG<\/a><\/p><p><a href=\"https:\/\/arbeitsschutzaktuell.de\/wp-content\/pdf\/ASiG.pdf\" target=\"_blank\" rel=\"noopener\">ASiG<\/a><\/p><p><a href=\"https:\/\/arbeitsschutzaktuell.de\/wp-content\/pdf\/Betriebssicherheitsverordnung BetrSichV.pdf\" target=\"_blank\" rel=\"noopener\" data-wplink-url-error=\"true\">Betriebssicherheitsverordnung BetrSichV<\/a><\/p><p><a href=\"https:\/\/arbeitsschutzaktuell.de\/wp-content\/pdf\/Bundesdatenschutzgesetz BDSG.pdf\" target=\"_blank\" rel=\"noopener\" data-wplink-url-error=\"true\">Bundesdatenschutzgesetz BDSG<\/a><\/p><p><a href=\"https:\/\/arbeitsschutzaktuell.de\/wp-content\/pdf\/Bundeselterngeld- und Elternzeitgesetz BEEG.pdf\" target=\"_blank\" rel=\"noopener\" data-wplink-url-error=\"true\">Bundeselterngeld- und Elternzeitgesetz BEEG<\/a><\/p><p><a href=\"https:\/\/arbeitsschutzaktuell.de\/wp-content\/pdf\/Bundesurlaubsgesetz BUrlG.pdf\" target=\"_blank\" rel=\"noopener\" data-wplink-url-error=\"true\">Bundesurlaubsgesetz BUrlG<\/a><\/p><p><a href=\"https:\/\/arbeitsschutzaktuell.de\/wp-content\/pdf\/B\u00fcrgerliches Gesetzbuch BGB.pdf\" target=\"_blank\" rel=\"noopener\" data-wplink-url-error=\"true\">B\u00fcrgerliches Gesetzbuch BGB<\/a><\/p><p><a href=\"https:\/\/arbeitsschutzaktuell.de\/wp-content\/pdf\/Gendiagnostikgesetz GenDG.pdf\" target=\"_blank\" rel=\"noopener\" data-wplink-url-error=\"true\">Gendiagnostikgesetz GenDG<\/a><\/p><p><a href=\"https:\/\/arbeitsschutzaktuell.de\/wp-content\/pdf\/Jugendarbeitsschutzgesetz JArbSchG.pdf\" target=\"_blank\" rel=\"noopener\" data-wplink-url-error=\"true\">Jugendarbeitsschutzgesetz JArbSchG<\/a><\/p><p><a href=\"https:\/\/arbeitsschutzaktuell.de\/wp-content\/pdf\/Jugendarbeitsschutzuntersuchungsverordnung JArbSchUV.pdf\" target=\"_blank\" rel=\"noopener\" data-wplink-url-error=\"true\">Jugendarbeitsschutzuntersuchungsverordnung JArbSchUV<\/a><\/p><p><a href=\"https:\/\/arbeitsschutzaktuell.de\/wp-content\/pdf\/Kinderarbeitsschutzverordnung KindArbSchV.pdf\" target=\"_blank\" rel=\"noopener\" data-wplink-url-error=\"true\">Kinderarbeitsschutzverordnung KindArbSchV<\/a><\/p><p><a href=\"https:\/\/arbeitsschutzaktuell.de\/wp-content\/pdf\/KSchG.pdf\" target=\"_blank\" rel=\"noopener\">KSchG<\/a><\/p><p><a href=\"https:\/\/arbeitsschutzaktuell.de\/wp-content\/pdf\/Ladenschlussgesetz LadSchlG.pdf\" target=\"_blank\" rel=\"noopener\" data-wplink-url-error=\"true\">Ladenschlussgesetz LadSchlG<\/a><\/p><p><a href=\"https:\/\/arbeitsschutzaktuell.de\/wp-content\/pdf\/Mutterschutzgesetz MuSchG.pdf\" target=\"_blank\" rel=\"noopener\" data-wplink-url-error=\"true\">Mutterschutzgesetz MuSchG<\/a><\/p><p><a href=\"https:\/\/arbeitsschutzaktuell.de\/wp-content\/pdf\/Pflegezeitgesetz PflegeZG.pdf\" target=\"_blank\" rel=\"noopener\" data-wplink-url-error=\"true\">Pflegezeitgesetz PflegeZG<\/a><\/p><p><a href=\"https:\/\/arbeitsschutzaktuell.de\/wp-content\/pdf\/Sozialgesetzbuch VII SGB_7.pdf\" target=\"_blank\" rel=\"noopener\" data-wplink-url-error=\"true\">Sozialgesetzbuch VII SGB 7<\/a><\/p><p><a href=\"https:\/\/arbeitsschutzaktuell.de\/wp-content\/pdf\/Unfallversicherungs Anzeigenverordnung UVAV.pdf\" target=\"_blank\" rel=\"noopener\">Unfallversicherungs Anzeigenverordnung UVAV<\/a><\/p><p><a href=\"https:\/\/arbeitsschutzaktuell.de\/wp-content\/pdf\/zustaendige_behoerde_fuer_jugendliche.pdf\" target=\"_blank\" rel=\"noopener\">Zust\u00e4ndige Beh\u00f6rde f\u00fcr Jugendliche in Schwaben und Oberbayern<\/a><\/p><p><em>Wir weisen darauf hin, dass die Zusammenstellung so sorgf\u00e4ltig wie m\u00f6glich erfolgte. Sie k\u00f6nnen jederzeit unter <a href=\"http:\/\/www.gesetze-im-internet.de\">www.gesetze-im-internet.de<\/a> die Originaltexte beim Bundesjustizministerium einsehen.<\/em><\/p>\t\t\t\t\t\t\t\t<\/div>\n\t\t\t\t\t<\/div>\n\t\t\t\t<\/div>\n\t\t\t\t<\/div>\n\t\t","protected":false},"excerpt":{"rendered":"<p>Hier finden Sie alle Ausgaben der Aushangpflichtigen Gesetze als\u00a0PDF-Datei zum Download. Allgemeines Gleichbehandlungsgesetz AGG Arbeitsgerichtsgesetz ArbGG Arbeitsst\u00e4ttenverordnung ArbSt\u00e4ttV Arbeitszeitgesetz ArbZG [&hellip;]<\/p>\n","protected":false},"author":1,"featured_media":0,"parent":0,"menu_order":0,"comment_status":"closed","ping_status":"closed","template":"","meta":{"_angie_page":false,"site-sidebar-layout":"no-sidebar","site-content-layout":"","ast-site-content-layout":"full-width-container","site-content-style":"default","site-sidebar-style":"default","ast-global-header-display":"","ast-banner-title-visibility":"","ast-main-header-display":"","ast-hfb-above-header-display":"","ast-hfb-below-header-display":"","ast-hfb-mobile-header-display":"","site-post-title":"disabled","ast-breadcrumbs-content":"","ast-featured-img":"disabled","footer-sml-layout":"","ast-disable-related-posts":"","theme-transparent-header-meta":"","adv-header-id-meta":"","stick-header-meta":"","header-above-stick-meta":"","header-main-stick-meta":"","header-below-stick-meta":"","astra-migrate-meta-layouts":"default","ast-page-background-enabled":"default","ast-page-background-meta":{"desktop":{"background-color":"var(--ast-global-color-5)","background-image":"","background-repeat":"repeat","background-position":"center center","background-size":"auto","background-attachment":"scroll","background-type":"","background-media":"","overlay-type":"","overlay-color":"","overlay-opacity":"","overlay-gradient":""},"tablet":{"background-color":"","background-image":"","background-repeat":"repeat","background-position":"center center","background-size":"auto","background-attachment":"scroll","background-type":"","background-media":"","overlay-type":"","overlay-color":"","overlay-opacity":"","overlay-gradient":""},"mobile":{"background-color":"","background-image":"","background-repeat":"repeat","background-position":"center center","background-size":"auto","background-attachment":"scroll","background-type":"","background-media":"","overlay-type":"","overlay-color":"","overlay-opacity":"","overlay-gradient":""}},"ast-content-background-meta":{"desktop":{"background-color":"var(--ast-global-color-4)","background-image":"","background-repeat":"repeat","background-position":"center center","background-size":"auto","background-attachment":"scroll","background-type":"","background-media":"","overlay-type":"","overlay-color":"","overlay-opacity":"","overlay-gradient":""},"tablet":{"background-color":"var(--ast-global-color-4)","background-image":"","background-repeat":"repeat","background-position":"center center","background-size":"auto","background-attachment":"scroll","background-type":"","background-media":"","overlay-type":"","overlay-color":"","overlay-opacity":"","overlay-gradient":""},"mobile":{"background-color":"var(--ast-global-color-4)","background-image":"","background-repeat":"repeat","background-position":"center center","background-size":"auto","background-attachment":"scroll","background-type":"","background-media":"","overlay-type":"","overlay-color":"","overlay-opacity":"","overlay-gradient":""}},"footnotes":""},"class_list":["post-136","page","type-page","status-publish","hentry"],"_links":{"self":[{"href":"https:\/\/arbeitsschutzaktuell.de\/index.php\/wp-json\/wp\/v2\/pages\/136","targetHints":{"allow":["GET"]}}],"collection":[{"href":"https:\/\/arbeitsschutzaktuell.de\/index.php\/wp-json\/wp\/v2\/pages"}],"about":[{"href":"https:\/\/arbeitsschutzaktuell.de\/index.php\/wp-json\/wp\/v2\/types\/page"}],"author":[{"embeddable":true,"href":"https:\/\/arbeitsschutzaktuell.de\/index.php\/wp-json\/wp\/v2\/users\/1"}],"replies":[{"embeddable":true,"href":"https:\/\/arbeitsschutzaktuell.de\/index.php\/wp-json\/wp\/v2\/comments?post=136"}],"version-history":[{"count":6,"href":"https:\/\/arbeitsschutzaktuell.de\/index.php\/wp-json\/wp\/v2\/pages\/136\/revisions"}],"predecessor-version":[{"id":147,"href":"https:\/\/arbeitsschutzaktuell.de\/index.php\/wp-json\/wp\/v2\/pages\/136\/revisions\/147"}],"wp:attachment":[{"href":"https:\/\/arbeitsschutzaktuell.de\/index.php\/wp-json\/wp\/v2\/media?parent=136"}],"curies":[{"name":"wp","href":"https:\/\/api.w.org\/{rel}","templated":true}]}}